{"id":4077,"date":"2022-05-15T21:42:53","date_gmt":"2022-05-15T19:42:53","guid":{"rendered":"https:\/\/mon-aloha.com\/e-boutique\/?post_type=product&#038;p=4077"},"modified":"2022-06-16T17:05:14","modified_gmt":"2022-06-16T15:05:14","slug":"ola","status":"publish","type":"product","link":"https:\/\/mon-aloha.com\/e-boutique\/produit\/nokomis-deco-mon-aloha\/ola\/","title":{"rendered":"Kinsale"},"content":{"rendered":"","protected":false},"excerpt":{"rendered":"<p>Collaboration Nokomis D\u00e9co &amp; Mon Aloha<\/p>\n<p>Nous avons cr\u00e9e une s\u00e9rie de couronne m\u00e9langeant le macram\u00e9 et les fleurs s\u00e9ch\u00e9es. Ces cr\u00e9ations color\u00e9es \u00e0 4 mains sont parfaites pour la f\u00eate des m\u00e8res !!<\/p>\n<p>Les bases r\u00e9alis\u00e9es par Ludivine de Nokomis D\u00e9co sont en macram\u00e9 avec des cordes 100% coton recycl\u00e9, et certifi\u00e9es oeko-tex (sans produits nocifs pour l\u2019homme) d\u2019origine fran\u00e7aise ou europ\u00e9enne (selon les couleurs).<br \/>\nElles sont ensuite fleurient par Manon de Mon Aloha, qui r\u00e9alise diff\u00e9rents petits bouquets de fleurs s\u00e9ch\u00e9es en majorit\u00e9 fran\u00e7aises. Les bouquets sont ensuite assembl\u00e9s sur la base pour r\u00e9aliser un ensemble assorti, liant les formes et les couleurs.<\/p>\n<p>C\u2019est ainsi que sont n\u00e9es :<br \/>\n&#8211; Ol\u00e0 ~ Teintes pastels, roses, verts et beiges sur une base rose clair : 85% fleurs s\u00e9ch\u00e9es fran\u00e7aises<br \/>\n&#8211; Kinsale ~ Tons color\u00e9s, fushia, rose, violet, jaune sur une base rose fushia : 85% fleurs s\u00e9ch\u00e9es fran\u00e7aises<br \/>\n&#8211; Izamal ~ Cama\u00efeu de jaune, beige, moutarde, camel, sur une base moutarde : 98% fleurs s\u00e9ch\u00e9es fran\u00e7aises<br \/>\n&#8211; Nuuk ~ Teintes de roses, bordeau, rose, vert, cr\u00e8me, sur une base bordeaux : 85% de fleurs s\u00e9ch\u00e9es fran\u00e7aises<\/p>\n<p>&#8211; Chefchaouen ~ Cama\u00efeu de bleu clair, bleu fonc\u00e9 et beige, sur une base bleue ciel.<\/p>\n<p>Diam\u00e8tre base : 20 cm<\/p>\n<p>\u2013 Manarola ~ Teintes pastels, roses, verts et beiges sur une base rose clair : 85% de fleurs s\u00e9ch\u00e9es fran\u00e7aises. diam. 30cm<\/p>\n<p><em>Les premi\u00e8res pi\u00e8ces de la collaboration Nokomis D\u00e9co &amp; Mon Aloha sont disponibles ici et sur le site de Nokomis D\u00e9co\u00a0<a title=\"Ici !\" href=\"https:\/\/nokomisdeco.com\/collections\/collaboration-mon-aloha-x-nokomis-deco\" target=\"_blank\" rel=\"noopener\">Ici ! <\/a>\u00a0<\/em><\/p>\n<p>&nbsp;<\/p>\n<p>D\u2019autres couleurs sont r\u00e9alisables sur commande, n\u2019h\u00e9sitez pas \u00e0 me contacter. Contactez-moi par mail : contact@mon-aloha.com<\/p>\n","protected":false},"featured_media":4088,"comment_status":"open","ping_status":"closed","template":"","meta":[],"product_cat":[202],"product_tag":[204],"class_list":["post-4077","product","type-product","status-publish","has-post-thumbnail","hentry","product_cat-nokomis-deco-mon-aloha","product_tag-kinsale"],"acf":[],"_links":{"self":[{"href":"https:\/\/mon-aloha.com\/e-boutique\/wp-json\/wp\/v2\/product\/4077"}],"collection":[{"href":"https:\/\/mon-aloha.com\/e-boutique\/wp-json\/wp\/v2\/product"}],"about":[{"href":"https:\/\/mon-aloha.com\/e-boutique\/wp-json\/wp\/v2\/types\/product"}],"replies":[{"embeddable":true,"href":"https:\/\/mon-aloha.com\/e-boutique\/wp-json\/wp\/v2\/comments?post=4077"}],"wp:featuredmedia":[{"embeddable":true,"href":"https:\/\/mon-aloha.com\/e-boutique\/wp-json\/wp\/v2\/media\/4088"}],"wp:attachment":[{"href":"https:\/\/mon-aloha.com\/e-boutique\/wp-json\/wp\/v2\/media?parent=4077"}],"wp:term":[{"taxonomy":"product_cat","embeddable":true,"href":"https:\/\/mon-aloha.com\/e-boutique\/wp-json\/wp\/v2\/product_cat?post=4077"},{"taxonomy":"product_tag","embeddable":true,"href":"https:\/\/mon-aloha.com\/e-boutique\/wp-json\/wp\/v2\/product_tag?post=4077"}],"curies":[{"name":"wp","href":"https:\/\/api.w.org\/{rel}","templated":true}]}}