{"id":3672,"date":"2022-05-14T16:02:17","date_gmt":"2022-05-14T14:02:17","guid":{"rendered":"https:\/\/mon-aloha.com\/e-boutique\/?post_type=product&#038;p=3672"},"modified":"2024-07-08T13:15:30","modified_gmt":"2024-07-08T11:15:30","slug":"kihapai","status":"publish","type":"product","link":"https:\/\/mon-aloha.com\/e-boutique\/produit\/composition\/cloches\/kihapai\/","title":{"rendered":"Kih\u00e0pai"},"content":{"rendered":"<p>Cr\u00e9ation originale r\u00e9alis\u00e9e sous une cloche en verre, et une base en bois, les jardins fleurit sont des cr\u00e9ations po\u00e9tiques, d\u00e9coratives et remplie de magies !! Rose, immortelles, gramin\u00e9es et parfois papillons en origami, je r\u00e9alise un petit monde sous chaque cloche. Un papier d\u00e9coratif a motif ou un tissus chin\u00e9s me sers de base et souvent de point de d\u00e9part \u00e0 la r\u00e9alisation des cloches. Je choisis ensuite les couleurs et les fleurs en fonction. Ensuite je dispos les fleurs les unes en rapport aux autres, elles se r\u00e9pondent, s\u2019accompagnent.<\/p>\n<p><em>Les cr\u00e9ations, ainsi que la technique d\u2019emballages, de pr\u00e9parations et le choix des fleurs et feuillages sont r\u00e9fl\u00e9chis dans une d\u00e9marche \u00e9co-responsable, durable, me permettant d\u2019agir \u00e0 ma mani\u00e8re \u00e0 la protection de notre plan\u00e8te. J\u2019ai\u00a0<\/em><em>d\u00e9velopp\u00e9 dans ce but mon activit\u00e9 de fleuriste \u00e9co-responsable, je suis devenue membre du collectif de la fleur fran\u00e7aise et je participe ainsi au mouvement slow flower, en accord avec mes valeurs.\u00a0<\/em><\/p>\n","protected":false},"excerpt":{"rendered":"<p>La cloche Kih\u00e0pai est r\u00e9alis\u00e9e avec des fleurs s\u00e9ch\u00e9es aux teintes pastels, rose, verte et beige&#8230;<br \/>\n\u00ab Kih\u00e0pai \u00bb est une petite ville situ\u00e9e sur la c\u00f4te nord-est de l\u2019\u00eele d\u2019Oahu !<\/p>\n<p>Composition &amp; creations ~<br \/>\nBase bois et verre<br \/>\nFleurs s\u00e9ch\u00e9es 95% fran\u00e7aises : pivoine, pied d\u2019alouette, lagurus, hortensia, immortelle&#8230;<\/p>\n<p>Fait \u00e0 la main, c\u2019est une pi\u00e8ce unique et limit\u00e9e.<br \/>\nLivraison possible dans toute la France.<\/p>\n<p>diam. 10 H 15cm<\/p>\n","protected":false},"featured_media":3673,"comment_status":"open","ping_status":"closed","template":"","meta":[],"product_cat":[187],"product_tag":[190],"class_list":["post-3672","product","type-product","status-publish","has-post-thumbnail","hentry","product_cat-cloches","product_tag-kihapai"],"acf":[],"_links":{"self":[{"href":"https:\/\/mon-aloha.com\/e-boutique\/wp-json\/wp\/v2\/product\/3672"}],"collection":[{"href":"https:\/\/mon-aloha.com\/e-boutique\/wp-json\/wp\/v2\/product"}],"about":[{"href":"https:\/\/mon-aloha.com\/e-boutique\/wp-json\/wp\/v2\/types\/product"}],"replies":[{"embeddable":true,"href":"https:\/\/mon-aloha.com\/e-boutique\/wp-json\/wp\/v2\/comments?post=3672"}],"wp:featuredmedia":[{"embeddable":true,"href":"https:\/\/mon-aloha.com\/e-boutique\/wp-json\/wp\/v2\/media\/3673"}],"wp:attachment":[{"href":"https:\/\/mon-aloha.com\/e-boutique\/wp-json\/wp\/v2\/media?parent=3672"}],"wp:term":[{"taxonomy":"product_cat","embeddable":true,"href":"https:\/\/mon-aloha.com\/e-boutique\/wp-json\/wp\/v2\/product_cat?post=3672"},{"taxonomy":"product_tag","embeddable":true,"href":"https:\/\/mon-aloha.com\/e-boutique\/wp-json\/wp\/v2\/product_tag?post=3672"}],"curies":[{"name":"wp","href":"https:\/\/api.w.org\/{rel}","templated":true}]}}