{"id":3632,"date":"2022-05-14T15:06:48","date_gmt":"2022-05-14T13:06:48","guid":{"rendered":"https:\/\/mon-aloha.com\/e-boutique\/?post_type=product&#038;p=3632"},"modified":"2022-12-12T14:19:27","modified_gmt":"2022-12-12T13:19:27","slug":"kaha-one","status":"publish","type":"product","link":"https:\/\/mon-aloha.com\/e-boutique\/produit\/composition\/coeurs\/kaha-one\/","title":{"rendered":"k\u00e0\u2019h\u00e0 o\u2019n\u00e9"},"content":{"rendered":"<p>Cr\u00e9ation originale r\u00e9alis\u00e9e sur une base en contre-plaqu\u00e9. Ecriture love ou papier d\u00e9cor\u00e9, fleurs aux teintes pastels douces ou color\u00e9es et pep\u2019s vous en aurez pour tous les go\u00fbts. D\u00e9clarer votre flamme, votre amour, votre puissante amiti\u00e9 ou votre amour envers un membre de votre famille !!<\/p>\n<p><em>Les cr\u00e9ations, ainsi que la technique d\u2019emballages, de pr\u00e9parations et le choix des fleurs et feuillages sont r\u00e9fl\u00e9chis dans une d\u00e9marche \u00e9co-responsable, durable, me permettant d\u2019agir \u00e0 ma mani\u00e8re \u00e0 la protection de notre plan\u00e8te. J\u2019ai\u00a0<\/em><em>d\u00e9velopp\u00e9 dans ce but mon activit\u00e9 de fleuriste \u00e9co-responsable, je suis devenue membre du collectif de la fleur fran\u00e7aise et je participe ainsi au mouvement slow flower, en accord avec mes valeurs.\u00a0<\/em><\/p>\n","protected":false},"excerpt":{"rendered":"<p>Le coeur k\u00e0\u2019h\u00e0 o\u2019n\u00e9 est r\u00e9alis\u00e9 avec des fleurs s\u00e9ch\u00e9es aux teintes jaunes et bleues.<br \/>\n\u00ab k\u00e0\u2019h\u00e0 o\u2019n\u00e9 \u00bb signifie plage de sable en Hawa\u00efen ! En observant ces couleurs, on peut facilement s\u2019imaginer sur une plage aux alures de paradis, sable fin, eau bleue, le soleil et un beau ciel bleu !! Il y a tout \u00e7a dans ce coeur, un petit bout de plage, de voyage, tout le bleu du ciel et le soleil en plus !<\/p>\n<p>Composition &amp; creations ~<br \/>\nBase contreplaqu\u00e9<br \/>\nFleurs s\u00e9ch\u00e9es 85% fran\u00e7aises : immortelle, hortensia, gypsophile, echinops, gonphrena, limonium&#8230;<br \/>\nDos : papier motif floral<\/p>\n<p>Fait \u00e0 la main, c\u2019est une pi\u00e8ce unique et limit\u00e9e.<br \/>\nLivraison possible dans toute la France dans son emballage.<\/p>\n<p>taille 10.5 x 11 cm<\/p>\n","protected":false},"featured_media":3641,"comment_status":"open","ping_status":"closed","template":"","meta":[],"product_cat":[182],"product_tag":[185],"class_list":["post-3632","product","type-product","status-publish","has-post-thumbnail","hentry","product_cat-coeurs","product_tag-kaha-one"],"acf":[],"_links":{"self":[{"href":"https:\/\/mon-aloha.com\/e-boutique\/wp-json\/wp\/v2\/product\/3632"}],"collection":[{"href":"https:\/\/mon-aloha.com\/e-boutique\/wp-json\/wp\/v2\/product"}],"about":[{"href":"https:\/\/mon-aloha.com\/e-boutique\/wp-json\/wp\/v2\/types\/product"}],"replies":[{"embeddable":true,"href":"https:\/\/mon-aloha.com\/e-boutique\/wp-json\/wp\/v2\/comments?post=3632"}],"wp:featuredmedia":[{"embeddable":true,"href":"https:\/\/mon-aloha.com\/e-boutique\/wp-json\/wp\/v2\/media\/3641"}],"wp:attachment":[{"href":"https:\/\/mon-aloha.com\/e-boutique\/wp-json\/wp\/v2\/media?parent=3632"}],"wp:term":[{"taxonomy":"product_cat","embeddable":true,"href":"https:\/\/mon-aloha.com\/e-boutique\/wp-json\/wp\/v2\/product_cat?post=3632"},{"taxonomy":"product_tag","embeddable":true,"href":"https:\/\/mon-aloha.com\/e-boutique\/wp-json\/wp\/v2\/product_tag?post=3632"}],"curies":[{"name":"wp","href":"https:\/\/api.w.org\/{rel}","templated":true}]}}