{"id":3466,"date":"2022-05-12T16:33:26","date_gmt":"2022-05-12T14:33:26","guid":{"rendered":"https:\/\/mon-aloha.com\/e-boutique\/?post_type=product&#038;p=3466"},"modified":"2022-05-16T01:00:33","modified_gmt":"2022-05-15T23:00:33","slug":"puehu-fushia","status":"publish","type":"product","link":"https:\/\/mon-aloha.com\/e-boutique\/produit\/bouquets\/petits\/puehu-fushia\/","title":{"rendered":"Puehu Fushia"},"content":{"rendered":"<p>Color\u00e9 ou pastel, ces petits bouquets sont des plaisirs mini mais bien garnit !<\/p>\n<p>J\u2019aime cr\u00e9er des harmonies entre les fleurs, leur texture et leur formes. Les couleurs se r\u00e9pondent et les cama\u00efeux se cr\u00e9ent entre mes mains !!<\/p>\n<p>Commandez un bouquet personnalis\u00e9 par mail : contact@mon-aloha.com<\/p>\n<p>&nbsp;<\/p>\n<p><em>Les cr\u00e9ations, ainsi que la technique d\u2019emballages, de pr\u00e9parations et le choix des fleurs et feuillages sont r\u00e9fl\u00e9chis dans une d\u00e9marche \u00e9co-responsable, durable, me permettant d\u2019agir \u00e0 ma mani\u00e8re \u00e0 la protection de notre plan\u00e8te. J\u2019ai\u00a0<\/em><em>d\u00e9velopp\u00e9 dans ce but mon activit\u00e9 de fleuriste \u00e9co-responsable, je suis devenue membre du collectif de la fleur fran\u00e7aise et je participe ainsi au mouvement slow flower, en accord avec mes valeurs.\u00a0<\/em><\/p>\n","protected":false},"excerpt":{"rendered":"<p>Les bouquets Puehu sont des bouquets color\u00e9s et gais, dans une harmonie de jaune, vert et fushia. Cr\u00e9e avec diff\u00e9rentes vari\u00e9t\u00e9s de fleurs Pehu signifie d&#8217;ailleurs dispersion en Hawaiien.<\/p>\n<p>Composition &amp; cr\u00e9ations ~<br \/>\nFleurs s\u00e9ch\u00e9es 80% fran\u00e7aises : immortelle, s\u00e9taire, limonium, bl\u00e9, lona jaune\u2026<\/p>\n","protected":false},"featured_media":3452,"comment_status":"open","ping_status":"closed","template":"","meta":[],"product_cat":[126],"product_tag":[178],"class_list":["post-3466","product","type-product","status-publish","has-post-thumbnail","hentry","product_cat-petits","product_tag-pehu-fushia"],"acf":[],"_links":{"self":[{"href":"https:\/\/mon-aloha.com\/e-boutique\/wp-json\/wp\/v2\/product\/3466"}],"collection":[{"href":"https:\/\/mon-aloha.com\/e-boutique\/wp-json\/wp\/v2\/product"}],"about":[{"href":"https:\/\/mon-aloha.com\/e-boutique\/wp-json\/wp\/v2\/types\/product"}],"replies":[{"embeddable":true,"href":"https:\/\/mon-aloha.com\/e-boutique\/wp-json\/wp\/v2\/comments?post=3466"}],"wp:featuredmedia":[{"embeddable":true,"href":"https:\/\/mon-aloha.com\/e-boutique\/wp-json\/wp\/v2\/media\/3452"}],"wp:attachment":[{"href":"https:\/\/mon-aloha.com\/e-boutique\/wp-json\/wp\/v2\/media?parent=3466"}],"wp:term":[{"taxonomy":"product_cat","embeddable":true,"href":"https:\/\/mon-aloha.com\/e-boutique\/wp-json\/wp\/v2\/product_cat?post=3466"},{"taxonomy":"product_tag","embeddable":true,"href":"https:\/\/mon-aloha.com\/e-boutique\/wp-json\/wp\/v2\/product_tag?post=3466"}],"curies":[{"name":"wp","href":"https:\/\/api.w.org\/{rel}","templated":true}]}}