{"id":3314,"date":"2022-05-11T22:34:07","date_gmt":"2022-05-11T20:34:07","guid":{"rendered":"https:\/\/mon-aloha.com\/e-boutique\/?post_type=product&#038;p=3314"},"modified":"2022-05-16T00:48:52","modified_gmt":"2022-05-15T22:48:52","slug":"kulaia","status":"publish","type":"product","link":"https:\/\/mon-aloha.com\/e-boutique\/produit\/bouquets\/grands\/kulaia\/","title":{"rendered":"kul\u00e0i\u2019\u00e0"},"content":{"rendered":"<p>Color\u00e9 ou pastel, petit ou grand, avec ou sans vase?<br \/>\nJ\u2019aime r\u00e9aliser des bouquets tous diff\u00e9rents, s\u00e9lectionner les fleurs et les assortir les unes avec les autres.<br \/>\nCr\u00e9er des harmonies. Les couleurs se r\u00e9pondent et les cama\u00efeux se cr\u00e9ent entre mes mains !!<\/p>\n<p>Membre du collectif de la fleur fran\u00e7aise, je r\u00e9alise donc les bouquets avec une majorit\u00e9 de fleurs issues de diff\u00e9rents producteurs partenaires comme Les Jardins d\u2019Ohla dans les Pyr\u00e9n\u00e9es, Beau Repos en Provence, Lavanderaie des Hautes Baronnies en Provence.<\/p>\n<p>&nbsp;<\/p>\n<p><em>Les cr\u00e9ations, ainsi que la technique d&#8217;emballages, de pr\u00e9parations et le choix des fleurs et feuillages sont r\u00e9fl\u00e9chis dans une d\u00e9marche \u00e9co-responsable, durable, me permettant d&#8217;agir \u00e0 ma mani\u00e8re \u00e0 la protection de notre plan\u00e8te. J&#8217;ai <\/em><em>d\u00e9velopp\u00e9 dans ce but mon activit\u00e9 de fleuriste \u00e9co-responsable, je suis devenue membre du collectif de la fleur fran\u00e7aise et je participe ainsi au mouvement slow flower, en accord avec mes valeurs.\u00a0<\/em><\/p>\n","protected":false},"excerpt":{"rendered":"<p>Le bouquet kul\u00e0i\u2019\u00e0 est r\u00e9alis\u00e9e dans des teintes de bleues, verts, fusha et violet.<br \/>\n\u00ab kul\u00e0i\u2019\u00e0 \u00bb signifie vacance en Hawa\u00efen ! Une bonne dose de lumi\u00e8re, de ga\u00eft\u00e9 et de vacances chez vous avec ce gros bouquet !!<\/p>\n<p>Composition &amp; cr\u00e9ations ~<br \/>\nFleurs s\u00e9ch\u00e9es 90% fran\u00e7aises : pavot, s\u00e9taire, echinops immortelle, statice, gonphrena, rodanthe, sauge, lagurus, gramin\u00e9es&#8230;<\/p>\n<p>Bouquet unique r\u00e9alis\u00e9 \u00e0 la main, avec amour et passion dans mon studio cr\u00e9atif.<br \/>\nLivraison possible dans toute la France.<\/p>\n<p>Bouquet travaill\u00e9 rond , je vous conseil de le laisser attacher.<br \/>\nLes v\u00e9g\u00e9taux utilis\u00e9s sont s\u00e9ch\u00e9s, ils conservent leur aspect sans faner.<\/p>\n","protected":false},"featured_media":3328,"comment_status":"open","ping_status":"closed","template":"","meta":[],"product_cat":[128],"product_tag":[165],"class_list":["post-3314","product","type-product","status-publish","has-post-thumbnail","hentry","product_cat-grands","product_tag-kulaia"],"acf":[],"_links":{"self":[{"href":"https:\/\/mon-aloha.com\/e-boutique\/wp-json\/wp\/v2\/product\/3314"}],"collection":[{"href":"https:\/\/mon-aloha.com\/e-boutique\/wp-json\/wp\/v2\/product"}],"about":[{"href":"https:\/\/mon-aloha.com\/e-boutique\/wp-json\/wp\/v2\/types\/product"}],"replies":[{"embeddable":true,"href":"https:\/\/mon-aloha.com\/e-boutique\/wp-json\/wp\/v2\/comments?post=3314"}],"wp:featuredmedia":[{"embeddable":true,"href":"https:\/\/mon-aloha.com\/e-boutique\/wp-json\/wp\/v2\/media\/3328"}],"wp:attachment":[{"href":"https:\/\/mon-aloha.com\/e-boutique\/wp-json\/wp\/v2\/media?parent=3314"}],"wp:term":[{"taxonomy":"product_cat","embeddable":true,"href":"https:\/\/mon-aloha.com\/e-boutique\/wp-json\/wp\/v2\/product_cat?post=3314"},{"taxonomy":"product_tag","embeddable":true,"href":"https:\/\/mon-aloha.com\/e-boutique\/wp-json\/wp\/v2\/product_tag?post=3314"}],"curies":[{"name":"wp","href":"https:\/\/api.w.org\/{rel}","templated":true}]}}