{"id":3260,"date":"2022-05-11T19:05:37","date_gmt":"2022-05-11T17:05:37","guid":{"rendered":"https:\/\/mon-aloha.com\/e-boutique\/?post_type=product&#038;p=3260"},"modified":"2022-12-11T11:07:15","modified_gmt":"2022-12-11T10:07:15","slug":"waikiki","status":"publish","type":"product","link":"https:\/\/mon-aloha.com\/e-boutique\/produit\/decoration-murale\/demi-couronne\/waikiki\/","title":{"rendered":"Waikiki"},"content":{"rendered":"<p>R\u00e9alis\u00e9es sur des cercles en bambou ou des bases en fil de fer et jute, corde, laines.<\/p>\n<p>Les demi-couronnes son d\u00e9clinables \u00e0 l\u2019infini !<\/p>\n<p>Une multitude de possibilit\u00e9, de mix de couleur, de fleurs et de textures !!!<br \/>\nCe que j\u2019aime le plus c\u2019est le moment ou la couronne apparait dans mon esprit. Au moment de la s\u00e9lection des fleurs ! Une couronne c\u2019est assez long \u00e0 faire.<br \/>\nC\u2019est l\u2019un des exercices le plus technique pour un fleuriste.<\/p>\n<p>Personnellement je choisis les fleurs, je les mets en forme en petit bouquet que j\u2019assemble ensuite les uns apr\u00e8s les autres.<br \/>\nPour finir je termine avec quelques fleurs coll\u00e9es, des coquillages et l\u2019accroche.<\/p>\n<p>Vous pouvez la placer ou vous voulez chez vous, comme par exemple au salon, votre chambre ou une chambre d\u2019amis\/ d\u2019enfants.<\/p>\n<p>&nbsp;<\/p>\n<p>D\u2019autres couleurs sont r\u00e9alisables sur commande, n\u2019h\u00e9sitez pas \u00e0 me contacter, je me ferais une joie de vous en pr\u00e9parer un personnalis\u00e9. Contactez-moi par mail : contact@mon-aloha.com<\/p>\n","protected":false},"excerpt":{"rendered":"<p>La demi-couronne Waikiki est r\u00e9alis\u00e9e dans des color\u00e9es, bleues, oranges, jaunes, verts et touches de blancs.<br \/>\n\u00ab Waikiki \u00bb est un quartier de la ville d\u2019Honolulu. Waikiki Beach est l\u2019une des plus c\u00e9l\u00e8bres plages du monde gr\u00e2ce \u00e0 ses petites vagues propices au surf. Surfer \u00e0 Waikiki c\u2019est \u00eatre \u00e0 5 sur une seule vague mais avec le sourire, la bonne humeur et le partage. C\u2019est observer les tortues, et profiter du couch\u00e9 de soleil en \u00e9coutant la musique !!<br \/>\nCette couronne mettra toute la force de ses couleurs et cette magie chez vous !!<\/p>\n<p>Composition &amp; cr\u00e9ations ~<br \/>\nBase bambou et jute<br \/>\nFleurs s\u00e9ch\u00e9es 90% fran\u00e7aises : immortelles, pied d\u2019alouette, lavande, pavot, s\u00e9taire, rodanthe, gypsophile, bloom et gramin\u00e9es.<\/p>\n<p>Pi\u00e8ce unique, fait \u00e0 la main, avec amour et passion dans mon studio de d\u00e9coration florale.<br \/>\nLivraison possible dans toute la France dans son emballage.<br \/>\nDiam. base : 16.5 cm<\/p>\n<p>Les fleurs et feuillages utilis\u00e9s sont s\u00e9ch\u00e9s, ils conserveront donc leur forme sans faner. Je vous recommande toutefois de les manipuler avec pr\u00e9caution.<\/p>\n","protected":false},"featured_media":3268,"comment_status":"open","ping_status":"closed","template":"","meta":[],"product_cat":[138],"product_tag":[158],"class_list":["post-3260","product","type-product","status-publish","has-post-thumbnail","hentry","product_cat-demi-couronne","product_tag-waikiki"],"acf":[],"_links":{"self":[{"href":"https:\/\/mon-aloha.com\/e-boutique\/wp-json\/wp\/v2\/product\/3260"}],"collection":[{"href":"https:\/\/mon-aloha.com\/e-boutique\/wp-json\/wp\/v2\/product"}],"about":[{"href":"https:\/\/mon-aloha.com\/e-boutique\/wp-json\/wp\/v2\/types\/product"}],"replies":[{"embeddable":true,"href":"https:\/\/mon-aloha.com\/e-boutique\/wp-json\/wp\/v2\/comments?post=3260"}],"wp:featuredmedia":[{"embeddable":true,"href":"https:\/\/mon-aloha.com\/e-boutique\/wp-json\/wp\/v2\/media\/3268"}],"wp:attachment":[{"href":"https:\/\/mon-aloha.com\/e-boutique\/wp-json\/wp\/v2\/media?parent=3260"}],"wp:term":[{"taxonomy":"product_cat","embeddable":true,"href":"https:\/\/mon-aloha.com\/e-boutique\/wp-json\/wp\/v2\/product_cat?post=3260"},{"taxonomy":"product_tag","embeddable":true,"href":"https:\/\/mon-aloha.com\/e-boutique\/wp-json\/wp\/v2\/product_tag?post=3260"}],"curies":[{"name":"wp","href":"https:\/\/api.w.org\/{rel}","templated":true}]}}