{"id":4103,"date":"2022-05-15T21:37:43","date_gmt":"2022-05-15T19:37:43","guid":{"rendered":"https:\/\/mon-aloha.com\/e-boutique\/?page_id=4103"},"modified":"2022-06-10T15:15:04","modified_gmt":"2022-06-10T13:15:04","slug":"collab-nokomis","status":"publish","type":"page","link":"https:\/\/mon-aloha.com\/e-boutique\/collab-nokomis\/","title":{"rendered":"Collab&#8217; Nokomis"},"content":{"rendered":"<p>[vc_row css=&#8221;.vc_custom_1651871333219{padding: 0px !important;}&#8221;][vc_column]\n\t\t\t<!-- START nokomis REVOLUTION SLIDER 6.5.19 --><p class=\"rs-p-wp-fix\"><\/p>\n\t\t\t<rs-module-wrap id=\"rev_slider_22_1_wrapper\" data-source=\"gallery\" style=\"visibility:hidden;background:#F8F6F7;padding:0;margin:0px auto;margin-top:0;margin-bottom:0;\">\n\t\t\t\t<rs-module id=\"rev_slider_22_1\" style=\"\" data-version=\"6.5.19\">\n\t\t\t\t\t<rs-slides>\n\t\t\t\t\t\t<rs-slide style=\"position: absolute;\" data-key=\"rs-28\" data-title=\"Slide\" data-anim=\"ms:600;\" data-in=\"o:0;\" data-out=\"a:false;\">\n\t\t\t\t\t\t\t<img loading=\"lazy\" decoding=\"async\" src=\"https:\/\/i0.wp.com\/mon-aloha.com\/e-boutique\/wp-content\/plugins\/revslider\/public\/assets\/assets\/dummy.png?resize=1170%2C780\" alt=\"\" title=\"suspension-murale-fleurs-sechees-et-macrame-decoration-interieure-creatrice-francaises\" width=\"1170\" height=\"780\" class=\"rev-slidebg tp-rs-img rs-lazyload\" data-lazyload=\"\/\/mon-aloha.com\/e-boutique\/wp-content\/uploads\/2022\/05\/suspension-murale-fleurs-sechees-et-macrame-decoration-interieure-creatrice-francaises.jpg\" data-bg=\"p:20% 70%;\" data-parallax=\"off\" data-no-retina data-recalc-dims=\"1\">\n<!---->\t\t\t\t\t\t<\/rs-slide>\n\t\t\t\t\t<\/rs-slides>\n\t\t\t\t<\/rs-module>\n\t\t\t\t<script>\n\t\t\t\t\tsetREVStartSize({c: 'rev_slider_22_1',rl:[1240,1024,778,480],el:[400],gw:[1140],gh:[400],type:'standard',justify:'',layout:'fullwidth',mh:\"0\"});if (window.RS_MODULES!==undefined && window.RS_MODULES.modules!==undefined && window.RS_MODULES.modules[\"revslider221\"]!==undefined) {window.RS_MODULES.modules[\"revslider221\"].once = false;window.revapi22 = undefined;if (window.RS_MODULES.checkMinimal!==undefined) window.RS_MODULES.checkMinimal()}\n\t\t\t\t<\/script>\n\t\t\t<\/rs-module-wrap>\n\t\t\t<!-- END REVOLUTION SLIDER -->\n[\/vc_column][\/vc_row][vc_row css_animation=&#8221;fadeIn&#8221;][vc_column width=&#8221;4\/5&#8243;][vc_column_text el_class=&#8221;bloc-texte-sous-slider&#8221; css=&#8221;.vc_custom_1654866681187{padding-top: 60px !important;padding-right: 20px !important;padding-bottom: 0px !important;padding-left: 20px !important;}&#8221;]<\/p>\n<h2 style=\"font-family: 'Gallient';\">Collab Nokomis<\/h2>\n<p>[\/vc_column_text][vc_column_text el_class=&#8221;bloc-texte-sous-slider&#8221; css=&#8221;.vc_custom_1654866803242{padding-top: 10px !important;padding-right: 40px !important;padding-bottom: 20px !important;padding-left: 40px !important;}&#8221;]Collaboration Nokomis D\u00e9co &amp; Mon Aloha<\/p>\n<p>Nous avons cr\u00e9e <a href=\"https:\/\/mon-aloha.com\/e-boutique\/produit\/ola\/\">une s\u00e9rie de couronne<\/a> m\u00e9langeant le macram\u00e9 et les fleurs s\u00e9ch\u00e9es. Ces cr\u00e9ations color\u00e9es \u00e0 4 mains sont parfaites pour la f\u00eate des m\u00e8res !!<\/p>\n<p>Les bases r\u00e9alis\u00e9es par Ludivine de <a href=\"https:\/\/nokomisdeco.com\/\" target=\"_blank\" rel=\"noopener\">Nokomis D\u00e9co<\/a> sont en macram\u00e9 avec des cordes 100% coton recycl\u00e9, et certifi\u00e9es oeko-tex (sans produits nocifs pour l\u2019homme) d\u2019origine fran\u00e7aise ou europ\u00e9enne (selon les couleurs).<br \/>\nElles sont ensuite fleurient par Manon de Mon Aloha, qui r\u00e9alise diff\u00e9rents petits bouquets de fleurs s\u00e9ch\u00e9es en majorit\u00e9 fran\u00e7aises. Les bouquets sont ensuite assembl\u00e9s sur la base pour r\u00e9aliser un ensemble assorti, liant les formes et les couleurs.<\/p>\n<p>&nbsp;<\/p>\n<p>C&#8217;est ainsi que sont n\u00e9es 4 couronnes (+ 2 autres \u00e0 venir) aux noms qui font voyager : Kinsale qui nous am\u00e8ne dans une ville surprenante d&#8217;Irlande, Izamal dans la chaleur du Mexique, Nuuk avec ces couleurs de maison en bardage bois et Ol\u00e0 qui nous transporte dans les Santorini avec ces nuances sur les murs et ses magnifiques vues !!<\/p>\n<p>Beau voyage ![\/vc_column_text][\/vc_column][vc_column width=&#8221;1\/5&#8243;][vc_single_image image=&#8221;3013&#8243; el_class=&#8221;fleur-tiare&#8221;][\/vc_column][\/vc_row][vc_row content_placement=&#8221;top&#8221; css=&#8221;.vc_custom_1652517641121{padding-top: 0px !important;padding-bottom: 0px !important;}&#8221;][vc_column][laborator_products products_query=&#8221;size:all|order_by:rand|post_type:product|tax_query:202&#8243;][\/vc_column][\/vc_row][vc_row][vc_column][laborator_banner title=&#8221;Vous aimeriez aussi&#8221; description=&#8221;La collection sp\u00e9ciale f\u00eate des m\u00e8res&#8221; href=&#8221;url:https%3A%2F%2Fmon-aloha.com%2Fe-boutique%2Fcollection-capsule%2Ffetes-des-meres%2F|title:Jetez%20un%20oeil&#8221; css=&#8221;.vc_custom_1652643991268{border-radius: 1px !important;}&#8221;][\/vc_column][\/vc_row][vc_row][vc_column width=&#8221;1\/2&#8243;][laborator_products row_clear=&#8221;2&#8243; products_query=&#8221;size:2|order_by:date|post_type:product|tax_query:182,187&#8243;][\/vc_column][vc_column width=&#8221;1\/2&#8243;][vc_column_text el_class=&#8221;bloc-texte-sous-slider&#8221; css=&#8221;.vc_custom_1652643917888{padding-top: 30px !important;padding-right: 20px !important;padding-bottom: 0px !important;padding-left: 20px !important;}&#8221;]Pour toutes les mamans[\/vc_column_text][vc_column_text css=&#8221;.vc_custom_1652643960234{padding-top: 10px !important;padding-right: 40px !important;padding-bottom: 40px !important;padding-left: 40px !important;}&#8221; el_class=&#8221;bloc-texte-sous-slider&#8221;]<\/p>\n<div class=\"wpb_text_column wpb_content_element vc_custom_1652539761425 bloc-texte-sous-slider\">\n<div class=\"wpb_wrapper\">\n<div class=\"wpb_text_column wpb_content_element vc_custom_1652532244104 bloc-texte-sous-slider\">\n<div class=\"wpb_wrapper\">Qu\u2019y a-t-il de plus beau que de voir sourire sa maman ?<br \/>\nD\u00e9couvrez la collection capsule sp\u00e9ciale \u201d f\u00eate des mamans \u201c.<br \/>\nVous y trouverez cloches et coeurs qui susciteront sans doute un moment de joie \u00e0 travers ses yeux !<\/div>\n<\/div>\n<\/div>\n<\/div>\n<p>[\/vc_column_text][\/vc_column][\/vc_row]<\/p>\n","protected":false},"excerpt":{"rendered":"<p>[vc_row css=&#8221;.vc_custom_1651871333219{padding: 0px !important;}&#8221;][vc_column][\/vc_column][\/vc_row][vc_row css_animation=&#8221;fadeIn&#8221;][vc_column width=&#8221;4\/5&#8243;][vc_column_text el_class=&#8221;bloc-texte-sous-slider&#8221; css=&#8221;.vc_custom_1654866681187{padding-top: 60px !important;padding-right: 20px !important;padding-bottom: 0px !important;padding-left: 20px !important;}&#8221;] Collab Nokomis [\/vc_column_text][vc_column_text el_class=&#8221;bloc-texte-sous-slider&#8221; css=&#8221;.vc_custom_1654866803242{padding-top: 10px !important;padding-right: 40px !important;padding-bottom: 20px !important;padding-left: 40px !important;}&#8221;]Collaboration Nokomis D\u00e9co &amp; Mon Aloha Nous avons cr\u00e9e une&hellip;<\/p>\n","protected":false},"author":1,"featured_media":4109,"parent":0,"menu_order":0,"comment_status":"closed","ping_status":"closed","template":"","meta":{"footnotes":""},"class_list":["post-4103","page","type-page","status-publish","has-post-thumbnail","hentry"],"acf":[],"jetpack_shortlink":"https:\/\/wp.me\/PduxPP-14b","_links":{"self":[{"href":"https:\/\/mon-aloha.com\/e-boutique\/wp-json\/wp\/v2\/pages\/4103"}],"collection":[{"href":"https:\/\/mon-aloha.com\/e-boutique\/wp-json\/wp\/v2\/pages"}],"about":[{"href":"https:\/\/mon-aloha.com\/e-boutique\/wp-json\/wp\/v2\/types\/page"}],"author":[{"embeddable":true,"href":"https:\/\/mon-aloha.com\/e-boutique\/wp-json\/wp\/v2\/users\/1"}],"replies":[{"embeddable":true,"href":"https:\/\/mon-aloha.com\/e-boutique\/wp-json\/wp\/v2\/comments?post=4103"}],"version-history":[{"count":8,"href":"https:\/\/mon-aloha.com\/e-boutique\/wp-json\/wp\/v2\/pages\/4103\/revisions"}],"predecessor-version":[{"id":4251,"href":"https:\/\/mon-aloha.com\/e-boutique\/wp-json\/wp\/v2\/pages\/4103\/revisions\/4251"}],"wp:featuredmedia":[{"embeddable":true,"href":"https:\/\/mon-aloha.com\/e-boutique\/wp-json\/wp\/v2\/media\/4109"}],"wp:attachment":[{"href":"https:\/\/mon-aloha.com\/e-boutique\/wp-json\/wp\/v2\/media?parent=4103"}],"curies":[{"name":"wp","href":"https:\/\/api.w.org\/{rel}","templated":true}]}}