{"id":2661,"date":"2022-04-24T17:11:15","date_gmt":"2022-04-24T15:11:15","guid":{"rendered":"https:\/\/mon-aloha.com\/e-boutique\/?page_id=2661"},"modified":"2022-06-12T09:41:03","modified_gmt":"2022-06-12T07:41:03","slug":"lunes","status":"publish","type":"page","link":"https:\/\/mon-aloha.com\/e-boutique\/decoration-murale\/lunes\/","title":{"rendered":"Lunes"},"content":{"rendered":"<p>[vc_row css=&#8221;.vc_custom_1651871333219{padding: 0px !important;}&#8221;][vc_column]\n\t\t\t<!-- START lunes REVOLUTION SLIDER 6.5.19 --><p class=\"rs-p-wp-fix\"><\/p>\n\t\t\t<rs-module-wrap id=\"rev_slider_5_1_wrapper\" data-source=\"gallery\" style=\"visibility:hidden;background:#F8F6F7;padding:0;margin:0px auto;margin-top:0;margin-bottom:0;\">\n\t\t\t\t<rs-module id=\"rev_slider_5_1\" style=\"\" data-version=\"6.5.19\">\n\t\t\t\t\t<rs-slides>\n\t\t\t\t\t\t<rs-slide style=\"position: absolute;\" data-key=\"rs-11\" data-title=\"Slide\" data-anim=\"ms:600;\" data-in=\"o:0;\" data-out=\"a:false;\">\n\t\t\t\t\t\t\t<img loading=\"lazy\" decoding=\"async\" src=\"https:\/\/i0.wp.com\/mon-aloha.com\/e-boutique\/wp-content\/plugins\/revslider\/public\/assets\/assets\/dummy.png?resize=1170%2C780\" alt=\"\" title=\"lune-fleurs-sechees-francaise-decoration-murale-mahina\" width=\"1170\" height=\"780\" class=\"rev-slidebg tp-rs-img rs-lazyload\" data-lazyload=\"\/\/mon-aloha.com\/e-boutique\/wp-content\/uploads\/2022\/05\/lune-fleurs-sechees-francaise-decoration-murale-mahina.jpg\" data-parallax=\"off\" data-no-retina data-recalc-dims=\"1\">\n<!---->\t\t\t\t\t\t<\/rs-slide>\n\t\t\t\t\t<\/rs-slides>\n\t\t\t\t<\/rs-module>\n\t\t\t\t<script>\n\t\t\t\t\tsetREVStartSize({c: 'rev_slider_5_1',rl:[1240,1024,778,480],el:[400],gw:[1140],gh:[400],type:'standard',justify:'',layout:'fullwidth',mh:\"0\"});if (window.RS_MODULES!==undefined && window.RS_MODULES.modules!==undefined && window.RS_MODULES.modules[\"revslider51\"]!==undefined) {window.RS_MODULES.modules[\"revslider51\"].once = false;window.revapi5 = undefined;if (window.RS_MODULES.checkMinimal!==undefined) window.RS_MODULES.checkMinimal()}\n\t\t\t\t<\/script>\n\t\t\t<\/rs-module-wrap>\n\t\t\t<!-- END REVOLUTION SLIDER -->\n[\/vc_column][\/vc_row][vc_row css_animation=&#8221;fadeIn&#8221;][vc_column width=&#8221;4\/5&#8243;][vc_column_text el_class=&#8221;bloc-texte-sous-slider&#8221; css=&#8221;.vc_custom_1655019244494{padding-top: 60px !important;padding-right: 20px !important;padding-bottom: 0px !important;padding-left: 20px !important;}&#8221;]<\/p>\n<h2 style=\"font-family: 'Gallient';\">Les lunes<\/h2>\n<p>[\/vc_column_text][vc_column_text el_class=&#8221;bloc-texte-sous-slider&#8221; css=&#8221;.vc_custom_1655019610446{padding-top: 10px !important;padding-right: 40px !important;padding-bottom: 20px !important;padding-left: 40px !important;}&#8221;]Elles \u00e9taient dans mon imagination depuis longtemps. J\u2019ai apr\u00e8s plusieurs essais, trouv\u00e9 la taille, la forme et le style que je trouve le plus harmonieux. Po\u00e9tique et mystique c\u2019est une cr\u00e9ation qui apportera beaucoup de caract\u00e8re a votre int\u00e9rieur.<br \/>\nElle peut \u00eatre offerte et personnalis\u00e9e pour une naissance, une cr\u00e9maill\u00e8re et faire plaisir au personnes sensibles a son symbole&#8230;[\/vc_column_text][\/vc_column][vc_column width=&#8221;1\/5&#8243; offset=&#8221;vc_hidden-xs&#8221;][vc_single_image image=&#8221;3013&#8243; el_class=&#8221;fleur-tiare&#8221;][\/vc_column][\/vc_row][vc_row css_animation=&#8221;fadeIn&#8221; css=&#8221;.vc_custom_1652514528121{padding-top: 0px !important;padding-right: 0px !important;padding-bottom: 0px !important;padding-left: 0px !important;}&#8221;][vc_column css_animation=&#8221;fadeIn&#8221;][laborator_products products_query=&#8221;size:4|order_by:date|post_type:product|tax_query:135&#8243;][\/vc_column][\/vc_row][vc_row content_placement=&#8221;top&#8221; css=&#8221;.vc_custom_1652517641121{padding-top: 0px !important;padding-bottom: 0px !important;}&#8221;][vc_column][laborator_banner title=&#8221;Vous aimeriez aussi&#8221; description=&#8221;Les couronnes&#8221; href=&#8221;url:https%3A%2F%2Fmon-aloha.com%2Fe-boutique%2Fdecoration-murale%2Fcouronnes%2F|title:Jetez-y%20un%20oeil&#8221; css=&#8221;.vc_custom_1652615838649{border-radius: 1px !important;}&#8221;][\/vc_column][\/vc_row][vc_row css_animation=&#8221;fadeIn&#8221;][vc_column width=&#8221;1\/2&#8243;][laborator_products row_clear=&#8221;2&#8243; products_query=&#8221;size:2|order_by:date|post_type:product|tax_query:131&#8243;][\/vc_column][vc_column width=&#8221;1\/2&#8243;][vc_column_text el_class=&#8221;bloc-texte-sous-slider&#8221; css=&#8221;.vc_custom_1652517554376{padding-top: 30px !important;padding-right: 20px !important;padding-bottom: 0px !important;padding-left: 20px !important;}&#8221;]<\/p>\n<h2 style=\"font-family: 'Gallient';\">Les couronnes<\/h2>\n<p>[\/vc_column_text][vc_column_text css=&#8221;.vc_custom_1652515330892{padding-top: 10px !important;padding-right: 40px !important;padding-bottom: 40px !important;padding-left: 40px !important;}&#8221; el_class=&#8221;bloc-texte-sous-slider&#8221;]Une multitude de possibilit\u00e9, de mix de couleur, de fleurs et de textures !!!<br \/>\nCe que j\u2019aime le plus c\u2019est le moment ou la couronne apparait dans mon esprit. Au moment de la s\u00e9lection des fleurs ! Une couronne c\u2019est assez long \u00e0 faire.<\/p>\n<p>C\u2019est l\u2019un des exercices le plus technique pour un fleuriste&#8230;[\/vc_column_text][\/vc_column][\/vc_row]<\/p>\n","protected":false},"excerpt":{"rendered":"<p>[vc_row css=&#8221;.vc_custom_1651871333219{padding: 0px !important;}&#8221;][vc_column][\/vc_column][\/vc_row][vc_row css_animation=&#8221;fadeIn&#8221;][vc_column width=&#8221;4\/5&#8243;][vc_column_text el_class=&#8221;bloc-texte-sous-slider&#8221; css=&#8221;.vc_custom_1655019244494{padding-top: 60px !important;padding-right: 20px !important;padding-bottom: 0px !important;padding-left: 20px !important;}&#8221;] Les lunes [\/vc_column_text][vc_column_text el_class=&#8221;bloc-texte-sous-slider&#8221; css=&#8221;.vc_custom_1655019610446{padding-top: 10px !important;padding-right: 40px !important;padding-bottom: 20px !important;padding-left: 40px !important;}&#8221;]Elles \u00e9taient dans mon imagination depuis longtemps. J\u2019ai apr\u00e8s plusieurs&hellip;<\/p>\n","protected":false},"author":1,"featured_media":2900,"parent":2634,"menu_order":0,"comment_status":"closed","ping_status":"closed","template":"","meta":{"footnotes":""},"class_list":["post-2661","page","type-page","status-publish","has-post-thumbnail","hentry"],"acf":[],"jetpack_shortlink":"https:\/\/wp.me\/PduxPP-GV","_links":{"self":[{"href":"https:\/\/mon-aloha.com\/e-boutique\/wp-json\/wp\/v2\/pages\/2661"}],"collection":[{"href":"https:\/\/mon-aloha.com\/e-boutique\/wp-json\/wp\/v2\/pages"}],"about":[{"href":"https:\/\/mon-aloha.com\/e-boutique\/wp-json\/wp\/v2\/types\/page"}],"author":[{"embeddable":true,"href":"https:\/\/mon-aloha.com\/e-boutique\/wp-json\/wp\/v2\/users\/1"}],"replies":[{"embeddable":true,"href":"https:\/\/mon-aloha.com\/e-boutique\/wp-json\/wp\/v2\/comments?post=2661"}],"version-history":[{"count":132,"href":"https:\/\/mon-aloha.com\/e-boutique\/wp-json\/wp\/v2\/pages\/2661\/revisions"}],"predecessor-version":[{"id":4288,"href":"https:\/\/mon-aloha.com\/e-boutique\/wp-json\/wp\/v2\/pages\/2661\/revisions\/4288"}],"up":[{"embeddable":true,"href":"https:\/\/mon-aloha.com\/e-boutique\/wp-json\/wp\/v2\/pages\/2634"}],"wp:featuredmedia":[{"embeddable":true,"href":"https:\/\/mon-aloha.com\/e-boutique\/wp-json\/wp\/v2\/media\/2900"}],"wp:attachment":[{"href":"https:\/\/mon-aloha.com\/e-boutique\/wp-json\/wp\/v2\/media?parent=2661"}],"curies":[{"name":"wp","href":"https:\/\/api.w.org\/{rel}","templated":true}]}}