{"id":2656,"date":"2022-04-24T17:07:16","date_gmt":"2022-04-24T15:07:16","guid":{"rendered":"https:\/\/mon-aloha.com\/e-boutique\/?page_id=2656"},"modified":"2022-06-11T18:54:36","modified_gmt":"2022-06-11T16:54:36","slug":"attrapes-reves","status":"publish","type":"page","link":"https:\/\/mon-aloha.com\/e-boutique\/decoration-murale\/attrapes-reves\/","title":{"rendered":"Attrapes-r\u00eaves"},"content":{"rendered":"<p>[vc_row css=&#8221;.vc_custom_1651871333219{padding: 0px !important;}&#8221;][vc_column]\n\t\t\t<!-- START reves REVOLUTION SLIDER 6.5.19 --><p class=\"rs-p-wp-fix\"><\/p>\n\t\t\t<rs-module-wrap id=\"rev_slider_20_1_wrapper\" data-source=\"gallery\" style=\"visibility:hidden;background:#F8F6F7;padding:0;margin:0px auto;margin-top:0;margin-bottom:0;\">\n\t\t\t\t<rs-module id=\"rev_slider_20_1\" style=\"\" data-version=\"6.5.19\">\n\t\t\t\t\t<rs-slides>\n\t\t\t\t\t\t<rs-slide style=\"position: absolute;\" data-key=\"rs-26\" data-title=\"Slide\" data-anim=\"ms:600;\" data-in=\"o:0;\" data-out=\"a:false;\">\n\t\t\t\t\t\t\t<img loading=\"lazy\" decoding=\"async\" src=\"https:\/\/i0.wp.com\/mon-aloha.com\/e-boutique\/wp-content\/plugins\/revslider\/public\/assets\/assets\/dummy.png?resize=1170%2C780\" alt=\"\" title=\"attrape-reves-mon-aloha\" width=\"1170\" height=\"780\" class=\"rev-slidebg tp-rs-img rs-lazyload\" data-lazyload=\"\/\/mon-aloha.com\/e-boutique\/wp-content\/uploads\/2022\/05\/attrape-reves-mon-aloha-scaled.jpg\" data-parallax=\"off\" data-no-retina data-recalc-dims=\"1\">\n<!---->\t\t\t\t\t\t<\/rs-slide>\n\t\t\t\t\t<\/rs-slides>\n\t\t\t\t<\/rs-module>\n\t\t\t\t<script>\n\t\t\t\t\tsetREVStartSize({c: 'rev_slider_20_1',rl:[1240,1024,778,480],el:[400],gw:[1140],gh:[400],type:'standard',justify:'',layout:'fullwidth',mh:\"0\"});if (window.RS_MODULES!==undefined && window.RS_MODULES.modules!==undefined && window.RS_MODULES.modules[\"revslider201\"]!==undefined) {window.RS_MODULES.modules[\"revslider201\"].once = false;window.revapi20 = undefined;if (window.RS_MODULES.checkMinimal!==undefined) window.RS_MODULES.checkMinimal()}\n\t\t\t\t<\/script>\n\t\t\t<\/rs-module-wrap>\n\t\t\t<!-- END REVOLUTION SLIDER -->\n[\/vc_column][\/vc_row][vc_row css_animation=&#8221;fadeIn&#8221;][vc_column width=&#8221;4\/5&#8243;][vc_column_text el_class=&#8221;bloc-texte-sous-slider&#8221; css=&#8221;.vc_custom_1654966131419{padding-top: 60px !important;padding-right: 20px !important;padding-bottom: 0px !important;padding-left: 20px !important;}&#8221;]<\/p>\n<h2 style=\"font-family: 'Gallient';\">Les attrapes-r\u00eaves<\/h2>\n<p>[\/vc_column_text][vc_column_text el_class=&#8221;bloc-texte-sous-slider&#8221; css=&#8221;.vc_custom_1654966444771{padding-top: 10px !important;padding-right: 40px !important;padding-bottom: 20px !important;padding-left: 40px !important;}&#8221;]Liant les techniques de couronnes de fleurs et de tissages, les attrapes r\u00eaves sont des pi\u00e8ces encore plus travaill\u00e9es.<\/p>\n<p>Mixer les couleurs des tissages et des fleurs est un jeu complexe. Je s\u00e9lectionne de beaux morceaux de branches de bois qui donne du caract\u00e8re \u00e0 la cr\u00e9ation.<\/p>\n<p><a href=\"https:\/\/mon-aloha.com\/e-boutique\/produit\/attrape-reves\/474\/\">Les attrapes-r\u00eaves<\/a> peut trouver sa place dans votre pi\u00e8ce principal, sur un pan de mur, dans votre chambre, \u00e9videmment au-dessus de votre lit et il cr\u00e9e une ambiance particuli\u00e8re.[\/vc_column_text][\/vc_column][vc_column width=&#8221;1\/5&#8243;][vc_single_image image=&#8221;3013&#8243; el_class=&#8221;fleur-tiare&#8221;][\/vc_column][\/vc_row][vc_row css_animation=&#8221;fadeIn&#8221; css=&#8221;.vc_custom_1652514528121{padding-top: 0px !important;padding-right: 0px !important;padding-bottom: 0px !important;padding-left: 0px !important;}&#8221;][vc_column css_animation=&#8221;fadeIn&#8221;][laborator_products products_query=&#8221;size:4|order_by:date|post_type:product|tax_query:123&#8243;][\/vc_column][\/vc_row][vc_row content_placement=&#8221;top&#8221; css=&#8221;.vc_custom_1652517641121{padding-top: 0px !important;padding-bottom: 0px !important;}&#8221;][vc_column][laborator_banner title=&#8221;Vous aimeriez aussi&#8221; description=&#8221;Les lunes&#8221; href=&#8221;url:https%3A%2F%2Fmon-aloha.com%2Fe-boutique%2Fdecoration-murale%2Flunes%2F|title:Jetez-y%20un%20oeil&#8221; css=&#8221;.vc_custom_1652617301913{border-radius: 1px !important;}&#8221;][\/vc_column][\/vc_row][vc_row css_animation=&#8221;fadeIn&#8221;][vc_column width=&#8221;1\/2&#8243;][laborator_products row_clear=&#8221;2&#8243; products_query=&#8221;size:2|order_by:date|post_type:product|tax_query:135&#8243;][\/vc_column][vc_column width=&#8221;1\/2&#8243;][vc_column_text el_class=&#8221;bloc-texte-sous-slider&#8221; css=&#8221;.vc_custom_1652617271779{padding-top: 30px !important;padding-right: 20px !important;padding-bottom: 0px !important;padding-left: 20px !important;}&#8221;]<\/p>\n<h2 style=\"font-family: 'Gallient';\">Les lunes<\/h2>\n<p>[\/vc_column_text][vc_column_text css=&#8221;.vc_custom_1652617288452{padding-top: 10px !important;padding-right: 40px !important;padding-bottom: 40px !important;padding-left: 40px !important;}&#8221; el_class=&#8221;bloc-texte-sous-slider&#8221;]Elles \u00e9taient dans mon imagination depuis longtemps. J\u2019ai apr\u00e8s plusieurs essais, trouv\u00e9 la taille, la forme et le style que je trouve le plus harmonieux. Po\u00e9tique et mystique c\u2019est une cr\u00e9ation qui apportera beaucoup de caract\u00e8re a votre int\u00e9rieur.<\/p>\n<p>Elle peut \u00eatre offerte et personnalis\u00e9e pour une naissance, une cr\u00e9maill\u00e8re et faire plaisir au personnes sensibles a son symbole\u2026[\/vc_column_text][\/vc_column][\/vc_row]<\/p>\n","protected":false},"excerpt":{"rendered":"<p>[vc_row css=&#8221;.vc_custom_1651871333219{padding: 0px !important;}&#8221;][vc_column][\/vc_column][\/vc_row][vc_row css_animation=&#8221;fadeIn&#8221;][vc_column width=&#8221;4\/5&#8243;][vc_column_text el_class=&#8221;bloc-texte-sous-slider&#8221; css=&#8221;.vc_custom_1654966131419{padding-top: 60px !important;padding-right: 20px !important;padding-bottom: 0px !important;padding-left: 20px !important;}&#8221;] Les attrapes-r\u00eaves [\/vc_column_text][vc_column_text el_class=&#8221;bloc-texte-sous-slider&#8221; css=&#8221;.vc_custom_1654966444771{padding-top: 10px !important;padding-right: 40px !important;padding-bottom: 20px !important;padding-left: 40px !important;}&#8221;]Liant les techniques de couronnes de fleurs et de tissages,&hellip;<\/p>\n","protected":false},"author":1,"featured_media":4010,"parent":2634,"menu_order":0,"comment_status":"closed","ping_status":"closed","template":"","meta":{"footnotes":""},"class_list":["post-2656","page","type-page","status-publish","has-post-thumbnail","hentry"],"acf":[],"jetpack_shortlink":"https:\/\/wp.me\/PduxPP-GQ","_links":{"self":[{"href":"https:\/\/mon-aloha.com\/e-boutique\/wp-json\/wp\/v2\/pages\/2656"}],"collection":[{"href":"https:\/\/mon-aloha.com\/e-boutique\/wp-json\/wp\/v2\/pages"}],"about":[{"href":"https:\/\/mon-aloha.com\/e-boutique\/wp-json\/wp\/v2\/types\/page"}],"author":[{"embeddable":true,"href":"https:\/\/mon-aloha.com\/e-boutique\/wp-json\/wp\/v2\/users\/1"}],"replies":[{"embeddable":true,"href":"https:\/\/mon-aloha.com\/e-boutique\/wp-json\/wp\/v2\/comments?post=2656"}],"version-history":[{"count":33,"href":"https:\/\/mon-aloha.com\/e-boutique\/wp-json\/wp\/v2\/pages\/2656\/revisions"}],"predecessor-version":[{"id":4277,"href":"https:\/\/mon-aloha.com\/e-boutique\/wp-json\/wp\/v2\/pages\/2656\/revisions\/4277"}],"up":[{"embeddable":true,"href":"https:\/\/mon-aloha.com\/e-boutique\/wp-json\/wp\/v2\/pages\/2634"}],"wp:featuredmedia":[{"embeddable":true,"href":"https:\/\/mon-aloha.com\/e-boutique\/wp-json\/wp\/v2\/media\/4010"}],"wp:attachment":[{"href":"https:\/\/mon-aloha.com\/e-boutique\/wp-json\/wp\/v2\/media?parent=2656"}],"curies":[{"name":"wp","href":"https:\/\/api.w.org\/{rel}","templated":true}]}}