{"id":2637,"date":"2022-04-24T15:42:19","date_gmt":"2022-04-24T13:42:19","guid":{"rendered":"https:\/\/mon-aloha.com\/e-boutique\/?page_id=2637"},"modified":"2023-02-27T18:37:15","modified_gmt":"2023-02-27T17:37:15","slug":"bouquets","status":"publish","type":"page","link":"https:\/\/mon-aloha.com\/e-boutique\/bouquets\/","title":{"rendered":"Bouquets"},"content":{"rendered":"<p>[vc_row css=&#8221;.vc_custom_1651871333219{padding: 0px !important;}&#8221;][vc_column]\n\t\t\t<!-- START alafolie REVOLUTION SLIDER 6.5.19 --><p class=\"rs-p-wp-fix\"><\/p>\n\t\t\t<rs-module-wrap id=\"rev_slider_12_1_wrapper\" data-source=\"gallery\" style=\"visibility:hidden;background:#F8F6F7;padding:0;margin:0px auto;margin-top:0;margin-bottom:0;\">\n\t\t\t\t<rs-module id=\"rev_slider_12_1\" style=\"\" data-version=\"6.5.19\">\n\t\t\t\t\t<rs-slides>\n\t\t\t\t\t\t<rs-slide style=\"position: absolute;\" data-key=\"rs-18\" data-title=\"Slide\" data-anim=\"ms:600;\" data-in=\"o:0;\" data-out=\"a:false;\">\n\t\t\t\t\t\t\t<img loading=\"lazy\" decoding=\"async\" src=\"https:\/\/i0.wp.com\/mon-aloha.com\/e-boutique\/wp-content\/plugins\/revslider\/public\/assets\/assets\/dummy.png?resize=1170%2C780\" alt=\"\" title=\"bouquet-de-fleurs-sechees-creation-eco-responsable-collectif-de-la-fleur-francaise-artisanat\" width=\"1170\" height=\"780\" class=\"rev-slidebg tp-rs-img rs-lazyload\" data-lazyload=\"\/\/mon-aloha.com\/e-boutique\/wp-content\/uploads\/2022\/05\/bouquet-de-fleurs-sechees-creation-eco-responsable-collectif-de-la-fleur-francaise-artisanat.jpg\" data-parallax=\"off\" data-no-retina data-recalc-dims=\"1\">\n<!---->\t\t\t\t\t\t<\/rs-slide>\n\t\t\t\t\t<\/rs-slides>\n\t\t\t\t<\/rs-module>\n\t\t\t\t<script>\n\t\t\t\t\tsetREVStartSize({c: 'rev_slider_12_1',rl:[1240,1024,778,480],el:[400],gw:[1140],gh:[400],type:'standard',justify:'',layout:'fullwidth',mh:\"0\"});if (window.RS_MODULES!==undefined && window.RS_MODULES.modules!==undefined && window.RS_MODULES.modules[\"revslider121\"]!==undefined) {window.RS_MODULES.modules[\"revslider121\"].once = false;window.revapi12 = undefined;if (window.RS_MODULES.checkMinimal!==undefined) window.RS_MODULES.checkMinimal()}\n\t\t\t\t<\/script>\n\t\t\t<\/rs-module-wrap>\n\t\t\t<!-- END REVOLUTION SLIDER -->\n[\/vc_column][\/vc_row][vc_row css_animation=&#8221;fadeIn&#8221;][vc_column][vc_column_text el_class=&#8221;bloc-texte-sous-slider&#8221; css=&#8221;.vc_custom_1654857256528{padding-top: 60px !important;padding-right: 20px !important;padding-bottom: 0px !important;padding-left: 20px !important;}&#8221;]<\/p>\n<h2 style=\"font-family: 'Gallient'; text-align: center;\">Bouquets<\/h2>\n<p>[\/vc_column_text][vc_column_text css=&#8221;.vc_custom_1654857354202{padding-top: 40px !important;padding-right: 40px !important;padding-bottom: 40px !important;padding-left: 40px !important;}&#8221;]<\/p>\n<p style=\"text-align: center;\">A travers <a href=\"https:\/\/mon-aloha.com\/e-boutique\/produit\/puehu\/\">mes cr\u00e9ations<\/a> vous d\u00e9couvrirez une multitude de possibilit\u00e9, de mix de couleur, de fleurs et de textures !!!<\/p>\n<p>[\/vc_column_text][\/vc_column][\/vc_row][vc_row gap=&#8221;10&#8243; content_placement=&#8221;middle&#8221; css_animation=&#8221;fadeIn&#8221; css=&#8221;.vc_custom_1652551226386{padding-top: 0px !important;padding-right: 0px !important;padding-bottom: 0px !important;padding-left: 0px !important;}&#8221;][vc_column css_animation=&#8221;fadeIn&#8221; width=&#8221;1\/3&#8243;][vc_column_text]<\/p>\n<h2 style=\"font-weight: normal; text-align: center; font-size: 21px; font-family: 'Gallient'; color: #404040;\">Un peu,<\/h2>\n<p>[\/vc_column_text][laborator_products_carousel row_clear=&#8221;1&#8243; auto_rotate=&#8221;0&#8243; products_query=&#8221;size:all|order_by:date|post_type:product|tax_query:126&#8243;][vc_btn title=&#8221;Jetez un oeil, Aloha !&#8221; style=&#8221;outline&#8221; shape=&#8221;square&#8221; color=&#8221;inverse&#8221; size=&#8221;sm&#8221; align=&#8221;center&#8221; css_animation=&#8221;none&#8221; button_block=&#8221;true&#8221; link=&#8221;url:https%3A%2F%2Fmon-aloha.com%2Fe-boutique%2Fbouquets%2Fun-peu%2F&#8221;][\/vc_column][vc_column width=&#8221;1\/3&#8243;][vc_column_text]<\/p>\n<h2 style=\"font-weight: normal; text-align: center; font-size: 21px; font-family: 'Gallient'; color: #404040;\">Beaucoup,<\/h2>\n<p>[\/vc_column_text][laborator_products_carousel row_clear=&#8221;1&#8243; auto_rotate=&#8221;0&#8243; products_query=&#8221;size:all|order_by:rand|post_type:product|tax_query:127&#8243;][vc_btn title=&#8221;Jetez un oeil, Aloha !&#8221; style=&#8221;outline&#8221; shape=&#8221;square&#8221; color=&#8221;inverse&#8221; size=&#8221;sm&#8221; align=&#8221;center&#8221; css_animation=&#8221;none&#8221; button_block=&#8221;true&#8221; link=&#8221;url:https%3A%2F%2Fmon-aloha.com%2Fe-boutique%2Fbouquets%2Fbeaucoup%2F|title:beaucoup%2C&#8221;][\/vc_column][vc_column width=&#8221;1\/3&#8243;][vc_column_text]<\/p>\n<h2 style=\"font-weight: normal; text-align: center; font-size: 21px; font-family: 'Gallient'; color: #404040;\">A la folie !<\/h2>\n<p>[\/vc_column_text][laborator_products_carousel row_clear=&#8221;1&#8243; auto_rotate=&#8221;0&#8243; products_query=&#8221;size:all|order_by:date|post_type:product|tax_query:128&#8243;][vc_btn title=&#8221;Jetez un oeil, Aloha !&#8221; style=&#8221;outline&#8221; shape=&#8221;square&#8221; color=&#8221;inverse&#8221; size=&#8221;sm&#8221; align=&#8221;center&#8221; css_animation=&#8221;none&#8221; button_block=&#8221;true&#8221; link=&#8221;url:https%3A%2F%2Fmon-aloha.com%2Fe-boutique%2Fa-la-folie%2F|title:A%20la%20folie%20!&#8221;][\/vc_column][\/vc_row]<\/p>\n","protected":false},"excerpt":{"rendered":"<p>[vc_row css=&#8221;.vc_custom_1651871333219{padding: 0px !important;}&#8221;][vc_column][\/vc_column][\/vc_row][vc_row css_animation=&#8221;fadeIn&#8221;][vc_column][vc_column_text el_class=&#8221;bloc-texte-sous-slider&#8221; css=&#8221;.vc_custom_1654857256528{padding-top: 60px !important;padding-right: 20px !important;padding-bottom: 0px !important;padding-left: 20px !important;}&#8221;] Bouquets [\/vc_column_text][vc_column_text css=&#8221;.vc_custom_1654857354202{padding-top: 40px !important;padding-right: 40px !important;padding-bottom: 40px !important;padding-left: 40px !important;}&#8221;] A travers mes cr\u00e9ations vous d\u00e9couvrirez une multitude de possibilit\u00e9, de mix&hellip;<\/p>\n","protected":false},"author":1,"featured_media":3454,"parent":0,"menu_order":0,"comment_status":"closed","ping_status":"closed","template":"","meta":{"footnotes":""},"class_list":["post-2637","page","type-page","status-publish","has-post-thumbnail","hentry"],"acf":[],"jetpack_shortlink":"https:\/\/wp.me\/PduxPP-Gx","_links":{"self":[{"href":"https:\/\/mon-aloha.com\/e-boutique\/wp-json\/wp\/v2\/pages\/2637"}],"collection":[{"href":"https:\/\/mon-aloha.com\/e-boutique\/wp-json\/wp\/v2\/pages"}],"about":[{"href":"https:\/\/mon-aloha.com\/e-boutique\/wp-json\/wp\/v2\/types\/page"}],"author":[{"embeddable":true,"href":"https:\/\/mon-aloha.com\/e-boutique\/wp-json\/wp\/v2\/users\/1"}],"replies":[{"embeddable":true,"href":"https:\/\/mon-aloha.com\/e-boutique\/wp-json\/wp\/v2\/comments?post=2637"}],"version-history":[{"count":32,"href":"https:\/\/mon-aloha.com\/e-boutique\/wp-json\/wp\/v2\/pages\/2637\/revisions"}],"predecessor-version":[{"id":4382,"href":"https:\/\/mon-aloha.com\/e-boutique\/wp-json\/wp\/v2\/pages\/2637\/revisions\/4382"}],"wp:featuredmedia":[{"embeddable":true,"href":"https:\/\/mon-aloha.com\/e-boutique\/wp-json\/wp\/v2\/media\/3454"}],"wp:attachment":[{"href":"https:\/\/mon-aloha.com\/e-boutique\/wp-json\/wp\/v2\/media?parent=2637"}],"curies":[{"name":"wp","href":"https:\/\/api.w.org\/{rel}","templated":true}]}}