{"id":2632,"date":"2022-04-24T15:29:36","date_gmt":"2022-04-24T13:29:36","guid":{"rendered":"https:\/\/mon-aloha.com\/e-boutique\/?page_id=2632"},"modified":"2022-06-10T15:56:04","modified_gmt":"2022-06-10T13:56:04","slug":"vive-le-printemps","status":"publish","type":"page","link":"https:\/\/mon-aloha.com\/e-boutique\/collection-capsule\/vive-le-printemps\/","title":{"rendered":"Vive le printemps"},"content":{"rendered":"<p>[vc_row css=&#8221;.vc_custom_1651871333219{padding: 0px !important;}&#8221;][vc_column]\n\t\t\t<!-- START couronnes REVOLUTION SLIDER 6.5.19 --><p class=\"rs-p-wp-fix\"><\/p>\n\t\t\t<rs-module-wrap id=\"rev_slider_6_1_wrapper\" data-source=\"gallery\" style=\"visibility:hidden;background:#F8F6F7;padding:0;margin:0px auto;margin-top:0;margin-bottom:0;\">\n\t\t\t\t<rs-module id=\"rev_slider_6_1\" style=\"\" data-version=\"6.5.19\">\n\t\t\t\t\t<rs-slides>\n\t\t\t\t\t\t<rs-slide style=\"position: absolute;\" data-key=\"rs-12\" data-title=\"Slide\" data-anim=\"ms:600;\" data-in=\"o:0;\" data-out=\"a:false;\">\n\t\t\t\t\t\t\t<img loading=\"lazy\" decoding=\"async\" src=\"https:\/\/i0.wp.com\/mon-aloha.com\/e-boutique\/wp-content\/plugins\/revslider\/public\/assets\/assets\/dummy.png?resize=1170%2C780\" alt=\"\" title=\"couronne-de-fleurs-sechees-francaise-suspension-murale-livraison-france\" width=\"1170\" height=\"780\" class=\"rev-slidebg tp-rs-img rs-lazyload\" data-lazyload=\"\/\/mon-aloha.com\/e-boutique\/wp-content\/uploads\/2022\/05\/couronne-de-fleurs-sechees-francaise-suspension-murale-livraison-france.jpg\" data-parallax=\"off\" data-no-retina data-recalc-dims=\"1\">\n<!---->\t\t\t\t\t\t<\/rs-slide>\n\t\t\t\t\t<\/rs-slides>\n\t\t\t\t<\/rs-module>\n\t\t\t\t<script>\n\t\t\t\t\tsetREVStartSize({c: 'rev_slider_6_1',rl:[1240,1024,778,480],el:[400],gw:[1140],gh:[400],type:'standard',justify:'',layout:'fullwidth',mh:\"0\"});if (window.RS_MODULES!==undefined && window.RS_MODULES.modules!==undefined && window.RS_MODULES.modules[\"revslider61\"]!==undefined) {window.RS_MODULES.modules[\"revslider61\"].once = false;window.revapi6 = undefined;if (window.RS_MODULES.checkMinimal!==undefined) window.RS_MODULES.checkMinimal()}\n\t\t\t\t<\/script>\n\t\t\t<\/rs-module-wrap>\n\t\t\t<!-- END REVOLUTION SLIDER -->\n[\/vc_column][\/vc_row][vc_row css_animation=&#8221;fadeIn&#8221;][vc_column width=&#8221;4\/5&#8243;][vc_column_text el_class=&#8221;bloc-texte-sous-slider&#8221; css=&#8221;.vc_custom_1654868481126{padding-top: 60px !important;padding-right: 20px !important;padding-bottom: 0px !important;padding-left: 20px !important;}&#8221;]<\/p>\n<h2 style=\"font-family: 'Gallient';\">Vive le printemps !<\/h2>\n<p>[\/vc_column_text][vc_column_text el_class=&#8221;bloc-texte-sous-slider&#8221; css=&#8221;.vc_custom_1654868981798{padding-top: 10px !important;padding-right: 40px !important;padding-bottom: 20px !important;padding-left: 40px !important;}&#8221;]<em>Les oiseaux chantent et les fleurs donnent toute leur splendeur&#8230;<\/em><\/p>\n<p>Hip hip hourra !! C&#8217;est le printemps !!<br \/>\nD\u00e9couvrez la collection capsule sp\u00e9ciale &#8221; vive le printemps &#8220;.<br \/>\nVous y trouverez cloches et coeurs qui susciteront sans doute un moment de joie \u00e0 travers vos yeux ![\/vc_column_text][\/vc_column][vc_column width=&#8221;1\/5&#8243;][vc_single_image image=&#8221;3013&#8243; el_class=&#8221;fleur-tiare&#8221;][\/vc_column][\/vc_row][vc_row content_placement=&#8221;top&#8221; css=&#8221;.vc_custom_1652517641121{padding-top: 0px !important;padding-bottom: 0px !important;}&#8221;][vc_column][laborator_banner title=&#8221;C\u00e9l\u00e9brons le soleil&#8221; description=&#8221;Les cloches&#8221; href=&#8221;url:https%3A%2F%2Fmon-aloha.com%2Fe-boutique%2Fcomposition%2Fcloches%2F|title:elles%20sont%20toutes%20ici&#8221; css=&#8221;.vc_custom_1654869014230{border-radius: 1px !important;}&#8221;][\/vc_column][\/vc_row][vc_row css_animation=&#8221;fadeIn&#8221;][vc_column width=&#8221;1\/2&#8243;][laborator_products row_clear=&#8221;2&#8243; products_query=&#8221;size:2|order_by:date|post_type:product|tax_query:187&#8243;][\/vc_column][vc_column width=&#8221;1\/2&#8243;][vc_column_text el_class=&#8221;bloc-texte-sous-slider&#8221; css=&#8221;.vc_custom_1654868644031{padding-top: 30px !important;padding-right: 20px !important;padding-bottom: 0px !important;padding-left: 20px !important;}&#8221;]<\/p>\n<h2 style=\"font-family: 'Gallient';\">Il fait beau !<\/h2>\n<p>[\/vc_column_text][vc_column_text css=&#8221;.vc_custom_1654869284902{padding-top: 10px !important;padding-right: 40px !important;padding-bottom: 40px !important;padding-left: 40px !important;}&#8221; el_class=&#8221;bloc-texte-sous-slider&#8221;]<\/p>\n<div class=\"wpb_text_column wpb_content_element vc_custom_1652539761425 bloc-texte-sous-slider\">\n<div class=\"wpb_wrapper\">\n<p>Cr\u00e9ation originale r\u00e9alis\u00e9e sous une <a href=\"https:\/\/mon-aloha.com\/e-boutique\/produit\/hauoli-2\/\">cloche en verre<\/a>, et une base en bois, les jardins fleurit sont des cr\u00e9ations po\u00e9tiques, d\u00e9coratives et remplie de magies !! Rose, immortelles, gramin\u00e9es et parfois papillons en origami, je r\u00e9alise un petit monde sous chaque cloche.<\/p>\n<p>Un papier d\u00e9coratif a motif ou un tissus chin\u00e9s me sers de base et souvent de point de d\u00e9part \u00e0 la r\u00e9alisation des cloches\u2026<\/p>\n<\/div>\n<\/div>\n<p>[\/vc_column_text][\/vc_column][\/vc_row][vc_row][vc_column][laborator_banner title=&#8221;C\u00e9l\u00e9brons le soleil&#8221; description=&#8221;Les coeurs&#8221; href=&#8221;url:https%3A%2F%2Fmon-aloha.com%2Fe-boutique%2Fdecoration-murale%2Fcoeurs%2F|title:ils%20sont%20tous%20ici&#8221; css=&#8221;.vc_custom_1654869020101{border-radius: 1px !important;}&#8221;][\/vc_column][\/vc_row][vc_row][vc_column width=&#8221;1\/2&#8243;][laborator_products row_clear=&#8221;2&#8243; products_query=&#8221;size:2|order_by:date|post_type:product|tax_query:182&#8243;][\/vc_column][vc_column width=&#8221;1\/2&#8243;][vc_column_text el_class=&#8221;bloc-texte-sous-slider&#8221; css=&#8221;.vc_custom_1652610466154{padding-top: 30px !important;padding-right: 20px !important;padding-bottom: 0px !important;padding-left: 20px !important;}&#8221;]<\/p>\n<h2 style=\"font-family: 'Gallient';\">Des coeurs en fleurs<\/h2>\n<p>[\/vc_column_text][vc_column_text css=&#8221;.vc_custom_1652557014330{padding-top: 10px !important;padding-right: 40px !important;padding-bottom: 40px !important;padding-left: 40px !important;}&#8221; el_class=&#8221;bloc-texte-sous-slider&#8221;]<\/p>\n<div class=\"wpb_text_column wpb_content_element vc_custom_1652539761425 bloc-texte-sous-slider\">\n<div class=\"wpb_wrapper\">\n<div class=\"wpb_text_column wpb_content_element vc_custom_1652532244104 bloc-texte-sous-slider\">\n<div class=\"wpb_wrapper\">\n<p>Cr\u00e9ation originale r\u00e9alis\u00e9e sur une base en contre-plaqu\u00e9. \u00c9criture love ou papier d\u00e9cor\u00e9, fleurs aux teintes pastels douces ou color\u00e9es et pep\u2019s vous en aurez pour tous les go\u00fbts.<\/p>\n<p>D\u00e9clarer votre flamme, votre amour, votre puissante amiti\u00e9 ou votre amour envers un membre de votre famille !!<\/p>\n<\/div>\n<\/div>\n<\/div>\n<\/div>\n<p>[\/vc_column_text][\/vc_column][\/vc_row]<\/p>\n","protected":false},"excerpt":{"rendered":"<p>[vc_row css=&#8221;.vc_custom_1651871333219{padding: 0px !important;}&#8221;][vc_column][\/vc_column][\/vc_row][vc_row css_animation=&#8221;fadeIn&#8221;][vc_column width=&#8221;4\/5&#8243;][vc_column_text el_class=&#8221;bloc-texte-sous-slider&#8221; css=&#8221;.vc_custom_1654868481126{padding-top: 60px !important;padding-right: 20px !important;padding-bottom: 0px !important;padding-left: 20px !important;}&#8221;] Vive le printemps ! [\/vc_column_text][vc_column_text el_class=&#8221;bloc-texte-sous-slider&#8221; css=&#8221;.vc_custom_1654868981798{padding-top: 10px !important;padding-right: 40px !important;padding-bottom: 20px !important;padding-left: 40px !important;}&#8221;]Les oiseaux chantent et les fleurs donnent toute&hellip;<\/p>\n","protected":false},"author":1,"featured_media":3693,"parent":2630,"menu_order":0,"comment_status":"closed","ping_status":"closed","template":"","meta":{"footnotes":""},"class_list":["post-2632","page","type-page","status-publish","has-post-thumbnail","hentry"],"acf":[],"jetpack_shortlink":"https:\/\/wp.me\/PduxPP-Gs","_links":{"self":[{"href":"https:\/\/mon-aloha.com\/e-boutique\/wp-json\/wp\/v2\/pages\/2632"}],"collection":[{"href":"https:\/\/mon-aloha.com\/e-boutique\/wp-json\/wp\/v2\/pages"}],"about":[{"href":"https:\/\/mon-aloha.com\/e-boutique\/wp-json\/wp\/v2\/types\/page"}],"author":[{"embeddable":true,"href":"https:\/\/mon-aloha.com\/e-boutique\/wp-json\/wp\/v2\/users\/1"}],"replies":[{"embeddable":true,"href":"https:\/\/mon-aloha.com\/e-boutique\/wp-json\/wp\/v2\/comments?post=2632"}],"version-history":[{"count":11,"href":"https:\/\/mon-aloha.com\/e-boutique\/wp-json\/wp\/v2\/pages\/2632\/revisions"}],"predecessor-version":[{"id":4256,"href":"https:\/\/mon-aloha.com\/e-boutique\/wp-json\/wp\/v2\/pages\/2632\/revisions\/4256"}],"up":[{"embeddable":true,"href":"https:\/\/mon-aloha.com\/e-boutique\/wp-json\/wp\/v2\/pages\/2630"}],"wp:featuredmedia":[{"embeddable":true,"href":"https:\/\/mon-aloha.com\/e-boutique\/wp-json\/wp\/v2\/media\/3693"}],"wp:attachment":[{"href":"https:\/\/mon-aloha.com\/e-boutique\/wp-json\/wp\/v2\/media?parent=2632"}],"curies":[{"name":"wp","href":"https:\/\/api.w.org\/{rel}","templated":true}]}}